{"id":464,"date":"2025-06-29T13:50:43","date_gmt":"2025-06-29T13:50:43","guid":{"rendered":"https:\/\/pamaoi.flatsome.io.vn\/?post_type=product&#038;p=464"},"modified":"2025-06-29T13:50:56","modified_gmt":"2025-06-29T13:50:56","slug":"ao-sweater-ni-long-cao-premium-oh","status":"publish","type":"product","link":"https:\/\/pamaoi.flatsome.io.vn\/index.php\/product\/ao-sweater-ni-long-cao-premium-oh\/","title":{"rendered":"\u00c1o Sweater N\u1ec9 L\u00f4ng C\u00e1o Premium Oh"},"content":{"rendered":"<ul>\n<li>\u0110\u1ea7m Thun D\u00e1ng D\u00e0i Love Grows Here \u0111\u01b0\u1ee3c l\u00e0m t\u1eeb ch\u1ea5t li\u1ec7u Umi, b\u1ec1 m\u1eb7t v\u1ea3i m\u1ec1m m\u1ea1i, co gi\u00e3n 4 chi\u1ec1u.<\/li>\n<li>Thi\u1ebft k\u1ebf thun co gi\u00e3n \u1edf ph\u1ea7n l\u01b0ng gi\u00fap ch\u00edt eo, t\u1ea1o c\u1ea3m gi\u00e1c tho\u1ea3i m\u00e1i khi m\u1eb7c m\u00e0 v\u1eabn t\u00f4n d\u00e1ng.<\/li>\n<li>Tay \u00e1o raglan mang \u0111\u1ebfn c\u1ea3m gi\u00e1c tr\u1ebb trung v\u00e0 n\u0103ng \u0111\u1ed9ng v\u1eeba gi\u00fap ph\u1ea7n vai v\u00e0 b\u1eafp tay tr\u00f4ng thon g\u1ecdn h\u01a1n.<\/li>\n<li>Chi ti\u1ebft d\u00f2ng ch\u1eef &#8220;Love Grows Here&#8221; \u0111\u01b0\u1ee3c in th\u00e0nh cao n\u1ed5i hi\u1ec7n \u0111\u1ea1i b\u1ec1n m\u00e0u, kh\u00f4ng bong tr\u00f3c.<\/li>\n<li>\u0110\u1ea7m m\u00e0u \u0111en basic c\u00f3 \u0111\u01b0\u1eddng x\u1ebb \u1edf b\u00ean h\u00f4ng v\u00e1y t\u1ea1o c\u1ea3m gi\u00e1c tho\u1ea3i m\u00e1i, mang t\u00ednh \u1ee9ng d\u1ee5ng cao.<\/li>\n<\/ul>\n<hr \/>\n<p><strong><u>L\u01afU \u00dd<\/u><\/strong><\/p>\n<ul>\n<li>S\u1ea3n ph\u1ea9m \u0111\u00e3 \u0111\u01b0\u1ee3c x\u1eed l\u00fd \u0111\u1ec3 \u0111\u1ea3m b\u1ea3o \u00edt b\u1ecb co r\u00fat nh\u1ea5t sau khi gi\u1eb7t m\u00e1y.<\/li>\n<li>S\u1ea3n ph\u1ea9m m\u00e0u \u0111en s\u1ebd ra m\u00e0u nh\u1eb9, n\u00ean gi\u1eb7t tay ri\u00eang ho\u1eb7c gi\u1eb7t v\u1edbi qu\u1ea7n \u00e1o c\u00f9ng m\u00e0u \u0111en \u0111\u1ec3 tr\u00e1nh lem m\u00e0u sang qu\u1ea7n \u00e1o kh\u00e1c.<\/li>\n<li>S\u1ea3n ph\u1ea9m \u0111\u01b0\u1ee3c may theo th\u00f4ng s\u1ed1 ti\u00eau chu\u1ea9n t\u01b0\u01a1ng \u0111\u1ed1i c\u1ee7a ng\u01b0\u1eddi Vi\u1ec7t Nam. N\u1ebfu b\u1ea1n \u0111ang c\u00e2n nh\u1eafc gi\u1eefa hai k\u00edch c\u1ee1, n\u00ean ch\u1ecdn k\u00edch c\u1ee1 l\u1edbn h\u01a1n<\/li>\n<li>S\u1ea3n ph\u1ea9m tr\u00ean \u1ea3nh v\u00e0 th\u1ef1c t\u1ebf c\u00f3 s\u1ef1 ch\u00eanh l\u1ec7ch m\u00e0u kh\u00f4ng \u0111\u00e1ng k\u1ec3 do \u0111i\u1ec1u ki\u1ec7n \u00e1nh s\u00e1ng ho\u1eb7c m\u00e0n h\u00ecnh thi\u1ebft b\u1ecb hi\u1ec3n th\u1ecb.<\/li>\n<\/ul>\n<hr \/>\n<p><strong>Th\u00f4ng tin b\u1ea1n m\u1eabu:\u00a0<\/strong><\/p>\n<ul>\n<li>S\u1ed1 \u0111o: 80 &#8211; 59 &#8211; 88<\/li>\n<li>Chi\u1ec1u cao: 1m68<\/li>\n<li>C\u00e2n n\u1eb7ng: 49kg<\/li>\n<li>M\u1eabu m\u1eb7c size M<\/li>\n<\/ul>\n","protected":false},"excerpt":{"rendered":"<p>\u0110\u1ea7m Thun D\u00e1ng D\u00e0i Love Grows Here \u0111\u01b0\u1ee3c l\u00e0m t\u1eeb ch\u1ea5t li\u1ec7u Umi, b\u1ec1 m\u1eb7t v\u1ea3i m\u1ec1m m\u1ea1i, co gi\u00e3n 4 chi\u1ec1u. Thi\u1ebft k\u1ebf thun co gi\u00e3n \u1edf ph\u1ea7n l\u01b0ng gi\u00fap ch\u00edt eo, t\u1ea1o c\u1ea3m gi\u00e1c tho\u1ea3i m\u00e1i khi m\u1eb7c m\u00e0 v\u1eabn t\u00f4n d\u00e1ng. Tay \u00e1o raglan mang \u0111\u1ebfn c\u1ea3m gi\u00e1c tr\u1ebb trung v\u00e0 n\u0103ng<\/p>\n","protected":false},"featured_media":239,"comment_status":"open","ping_status":"closed","template":"","meta":[],"product_brand":[],"product_cat":[15],"product_tag":[],"class_list":{"0":"post-464","1":"product","2":"type-product","3":"status-publish","4":"has-post-thumbnail","6":"product_cat-uncategorized","8":"first","9":"instock","10":"sale","11":"shipping-taxable","12":"purchasable","13":"product-type-variable","14":"has-default-attributes"},"_links":{"self":[{"href":"https:\/\/pamaoi.flatsome.io.vn\/index.php\/wp-json\/wp\/v2\/product\/464","targetHints":{"allow":["GET"]}}],"collection":[{"href":"https:\/\/pamaoi.flatsome.io.vn\/index.php\/wp-json\/wp\/v2\/product"}],"about":[{"href":"https:\/\/pamaoi.flatsome.io.vn\/index.php\/wp-json\/wp\/v2\/types\/product"}],"replies":[{"embeddable":true,"href":"https:\/\/pamaoi.flatsome.io.vn\/index.php\/wp-json\/wp\/v2\/comments?post=464"}],"wp:featuredmedia":[{"embeddable":true,"href":"https:\/\/pamaoi.flatsome.io.vn\/index.php\/wp-json\/wp\/v2\/media\/239"}],"wp:attachment":[{"href":"https:\/\/pamaoi.flatsome.io.vn\/index.php\/wp-json\/wp\/v2\/media?parent=464"}],"wp:term":[{"taxonomy":"product_brand","embeddable":true,"href":"https:\/\/pamaoi.flatsome.io.vn\/index.php\/wp-json\/wp\/v2\/product_brand?post=464"},{"taxonomy":"product_cat","embeddable":true,"href":"https:\/\/pamaoi.flatsome.io.vn\/index.php\/wp-json\/wp\/v2\/product_cat?post=464"},{"taxonomy":"product_tag","embeddable":true,"href":"https:\/\/pamaoi.flatsome.io.vn\/index.php\/wp-json\/wp\/v2\/product_tag?post=464"}],"curies":[{"name":"wp","href":"https:\/\/api.w.org\/{rel}","templated":true}]}}